{"id":14,"date":"2021-01-08T04:11:25","date_gmt":"2021-01-08T04:11:25","guid":{"rendered":"https:\/\/canoe.moxiworks.com\/jeff-gilmore\/about-me"},"modified":"2021-01-08T04:11:25","modified_gmt":"2021-01-08T04:11:25","slug":"about-me","status":"publish","type":"page","link":"https:\/\/jeff-gilmore.c21.ca\/fr-ca\/about-me","title":{"rendered":"\u00c0 PROPOS DE MOI"},"content":{"rendered":"\n<h2>\n\t\t\u00c0 propos de moi\n\t<\/h2>\n\t<p>Mon but premier est de vous aider \u00e0 r\u00e9aliser vos objectifs. Que vous souhaitiez acheter ou vendre, je mettrai \u00e0 profit mon expertise pour vous aider. Je veille \u00e0 bien comprendre les besoins de mes clients afin d&#8217;offrir une exp\u00e9rience exceptionnelle et d&#8217;assurer le bon d\u00e9roulement du processus de vente ou d&#8217;achat.<\/p>\n\t<p>Mon but premier est de vous aider \u00e0 r\u00e9aliser vos objectifs. Que vous souhaitiez acheter ou vendre, je mettrai \u00e0 profit mon expertise pour vous aider. Je veille \u00e0 bien comprendre les besoins de mes clients afin d&#8217;offrir une exp\u00e9rience exceptionnelle et d&#8217;assurer le bon d\u00e9roulement du processus de vente ou d&#8217;achat.<\/p>\n<h2>\n\t\tLa diff\u00e9rence C21\n\t<\/h2>\n\t<p>Chez CENTURY\u00a021<sup>MD<\/sup>, nous vous proposons l&#8217;information la plus \u00e0 jour pour vous aider \u00e0 prendre une d\u00e9cision \u00e9clair\u00e9e avant d&#8217;effectuer une transaction immobili\u00e8re. Depuis plus de 40\u00a0ans, nous visons l&#8217;or dans le secteur immobilier.<\/p>\n<p>Proposant une port\u00e9e mondiale et une expertise locale, nous avons toujours appuy\u00e9 l&#8217;entrepreneuriat, le marketing, l&#8217;innovation technologique et l&#8217;\u00e9ducation immobili\u00e8re partout au Canada. C&#8217;est en 1976 \u00e0 Richmond, en Colombie-Britannique, que nous avons fait notre entr\u00e9e dans le monde de l&#8217;immobilier en tant qu&#8217;une entreprise familiale au service d&#8217;un r\u00e9seau d&#8217;entreprises familiales. \u00a0Depuis lors, CENTURY 21 est devenue l&#8217;une des premi\u00e8res soci\u00e9t\u00e9s immobili\u00e8res dans le monde.<\/p>\n<p>Nous sommes une organisation nationale avec une port\u00e9e mondiale. Fiers de notre tradition canadienne, nous comptons 400\u00a0agences et plus de 10\u00a0000\u00a0membres r\u00e9partis dans 272\u00a0villes \u00e0 l&#8217;\u00e9chelle du pays.<\/p>\n\t<p>Nous n&#8217;\u00e9pargnons aucun effort pour transformer les r\u00eaves de nos clients en r\u00e9alit\u00e9. L&#8217;immobilier nous passionne\u00a0&#8211; nous adorons notre travail!<\/p>\n\t\t\t\t<img decoding=\"async\" src=\"https:\/\/templates.c21canada.moxiworks.net\/files\/2021\/02\/House_YardSign_FR-scaled.jpg\" alt=\"House_YardSign_FR\" height=\"1978\" width=\"2560\" title=\"House_YardSign_FR\" \/>\n<h2>\n\t\tLa diff\u00e9rence C21\n\t<\/h2>\n\t<p>Chez CENTURY\u00a021<sup>MD<\/sup>, nous vous proposons l&#8217;information la plus \u00e0 jour pour vous aider \u00e0 prendre une d\u00e9cision \u00e9clair\u00e9e avant d&#8217;effectuer une transaction immobili\u00e8re. Depuis plus de 40\u00a0ans, nous visons l&#8217;or dans le secteur immobilier.<\/p>\n<p>Proposant une port\u00e9e mondiale et une expertise locale, nous avons toujours appuy\u00e9 l&#8217;entrepreneuriat, le marketing, l&#8217;innovation technologique et l&#8217;\u00e9ducation immobili\u00e8re partout au Canada. C&#8217;est en 1976 \u00e0 Richmond, en Colombie-Britannique, que nous avons fait notre entr\u00e9e dans le monde de l&#8217;immobilier en tant qu&#8217;une entreprise familiale au service d&#8217;un r\u00e9seau d&#8217;entreprises familiales. \u00a0Depuis lors, CENTURY 21\u00a0est devenue l&#8217;une des premi\u00e8res soci\u00e9t\u00e9s immobili\u00e8res dans le monde.<\/p>\n<p>Nous sommes une organisation nationale avec une port\u00e9e mondiale. Fiers de notre tradition canadienne, nous comptons 400\u00a0agences et plus de 10\u00a0000\u00a0membres r\u00e9partis dans 272\u00a0villes \u00e0 l&#8217;\u00e9chelle du pays.<\/p>\n\t<p>Nous n&#8217;\u00e9pargnons aucun effort pour transformer les r\u00eaves de nos clients en r\u00e9alit\u00e9. L&#8217;immobilier nous passionne\u00a0&#8211; nous adorons notre travail!<\/p>\n\t\t\t\t<img decoding=\"async\" src=\"\/\/century21.agent.hub21.ca\/files\/2020\/12\/home.jpg\" alt=\"Century 21 Home\" title=\"home\" \/>\n<h2>\n\t\tNOUVELLES DU QUARTIER\n\t<\/h2>\n\t<p>Vous voulez en savoir plus sur un quartier en particulier? Remplissez le formulaire pour d\u00e9marrer.<\/p>\n\t\t\t<a href=\"\/fr-ca\/neighborhood-news\" target=\"_self\" role=\"button\" rel=\"noopener noreferrer\">\n\t\t\t\t\t\t\tCOMMENCER\n\t\t\t\t\t<\/a>\n\t\t\t\t<img decoding=\"async\" src=\"https:\/\/templates.c21canada.moxiworks.net\/files\/2021\/02\/french_neighborhood-news-iphone-mockup-cropped-1024x942-1.png\" alt=\"french_neighborhood-news-iphone-mockup-cropped-1024x942\" height=\"942\" width=\"1024\" title=\"french_neighborhood-news-iphone-mockup-cropped-1024x942\" \/>\n<h2>\n\t\tPR\u00caT POUR LA PROCHAINE \u00c9TAPE?\n\t<\/h2>\n\t<p>Je me ferai un plaisir de vous aider \u00e0 r\u00e9aliser vos objectifs d&#8217;accession \u00e0 la propri\u00e9t\u00e9. Communiquez avec moi pour entamer vos d\u00e9marches d\u00e8s aujourd&#8217;hui. Ce que je propose :<\/p>\n\n","protected":false},"excerpt":{"rendered":"<p>\u00c0 propos de moi Mon but premier est de vous aider \u00e0 r\u00e9aliser vos objectifs. Que vous souhaitiez acheter ou vendre, je mettrai \u00e0 profit mon expertise pour vous aider. Je veille \u00e0 bien comprendre les besoins de mes clients afin d&#8217;offrir une exp\u00e9rience exceptionnelle et d&#8217;assurer le bon d\u00e9roulement du processus de vente ou [&hellip;]<\/p>\n","protected":false},"author":2,"featured_media":1873,"parent":0,"menu_order":0,"comment_status":"closed","ping_status":"closed","template":"","meta":{"footnotes":""},"class_list":["post-14","page","type-page","status-publish","has-post-thumbnail","hentry"],"_links":{"self":[{"href":"https:\/\/jeff-gilmore.c21.ca\/fr-ca\/wp-json\/wp\/v2\/pages\/14","targetHints":{"allow":["GET"]}}],"collection":[{"href":"https:\/\/jeff-gilmore.c21.ca\/fr-ca\/wp-json\/wp\/v2\/pages"}],"about":[{"href":"https:\/\/jeff-gilmore.c21.ca\/fr-ca\/wp-json\/wp\/v2\/types\/page"}],"author":[{"embeddable":true,"href":"https:\/\/jeff-gilmore.c21.ca\/fr-ca\/wp-json\/wp\/v2\/users\/2"}],"replies":[{"embeddable":true,"href":"https:\/\/jeff-gilmore.c21.ca\/fr-ca\/wp-json\/wp\/v2\/comments?post=14"}],"version-history":[{"count":0,"href":"https:\/\/jeff-gilmore.c21.ca\/fr-ca\/wp-json\/wp\/v2\/pages\/14\/revisions"}],"wp:featuredmedia":[{"embeddable":true,"href":"https:\/\/jeff-gilmore.c21.ca\/fr-ca\/wp-json\/"}],"wp:attachment":[{"href":"https:\/\/jeff-gilmore.c21.ca\/fr-ca\/wp-json\/wp\/v2\/media?parent=14"}],"curies":[{"name":"wp","href":"https:\/\/api.w.org\/{rel}","templated":true}]}}